{"id":503,"date":"2018-10-10T14:40:24","date_gmt":"2018-10-10T14:40:24","guid":{"rendered":"http:\/\/www.koninketalagepoppen.nl\/over-ons\/"},"modified":"2019-09-28T14:22:07","modified_gmt":"2019-09-28T13:22:07","slug":"warum-wir","status":"publish","type":"page","link":"https:\/\/www.koninketalagepoppen.nl\/de\/warum-wir\/","title":{"rendered":"Warum wir"},"content":{"rendered":"<p><section   class=\"fw-main-row-custom fw-main-row-top fw-section-no-padding  auto  fw-section-position-back tf-sh-00e7fc10bef3bd65d2a4382dfe5635b5\"    >\n\t\t\t<div class=\"fw-container-fluid\" >\n\t\t<div class=\"fw-row\">\n\t<div id=\"column-69d0a204443f3\" class=\"fw-col-sm-12 tf-sh-9a306327efdfbd15290fa61d5b2940ac  fw-col-no-padding\" >\n\t<div class=\"fw-wrap-col-inner clearfix   fw-column-height-custom\" style=\"height: 320px;\"  >\n\t\t\t\t<div class=\"fw-col-inner\">\n\t\t\t\t\t<\/div>\n\t<\/div>\n<\/div><\/div>\n\n\t<\/div>\n\t<\/section><section   class=\"fw-main-row-custom  fw_theme_bg_color_4 auto  fw-section-position-back tf-sh-abce82193273098fa82db90275510cc4\"    >\n\t\t\t<div class=\"fw-container\" >\n\t\t<div class=\"fw-row\">\n\t<div id=\"column-69d0a204447ee\" class=\"fw-col-sm-12 tf-sh-7c530ddd0ae9720859c38ad071d663c3\" >\n\t<div class=\"fw-wrap-col-inner clearfix  \"   >\n\t\t\t\t<div class=\"fw-col-inner\">\n\t\t\t<div class=\"fw-heading fw-heading-center  tf-sh-26a3aeec2e1aac89876392cc2a0ded4d\" >\n\t\t\t<h1 class=\"fw-special-title\">Warum wir<\/h1>\n\t\n\t\n\t<\/div><div class=\"fw-divider-space space-sm  clearfix\"  ><\/div><div class=\"fw-text-box tf-sh-c0e778d8c522c18028ee0b7142486c64 \" >\n\t<div class=\"fw-text-inner\">\n\t\t<p style=\"text-align: center;\">Warum Konink Schaufensterpuppen? Warum neu kaufen? Wir sind seit 15<br \/>Jahren ein bekannter Name im Bereich gebrauchter Schaufensterfiguren und<br \/>Schaufensterpuppen. Grosse Auswahl, \u00fcberraschend und vorteilhaft Weil<br \/>wir eng zusammenarbeiten mit verschiedenen Handelsketten in den<br \/>Niederlanden, \u00e4ndert unser Vorrat sich st\u00e4ndig und das macht unser<br \/>Unternehmen interessant. Das gilt f\u00fcr Schaufensterpuppen,<br \/>Schaufensterfiguren, Torsos und klassische Puppen. Auch haben wir<br \/>verschiedene Pr\u00e4sentationsmateriale. Selbstverst\u00e4ndlich halten wir die<br \/>Preise scharf. Mit freundlichen Gr\u00fcssen, Harko Konink<\/p>\n\t<\/div>\n<\/div>\t\t<\/div>\n\t<\/div>\n<\/div><\/div>\n\n\t<\/div>\n\t<\/section><section  id=\"media\" class=\"fw-main-row-custom fw-section-no-padding  auto  fw-section-position-back tf-sh-175d539f6e878a7a7db4262a0210c2b3\"  style=\" background-color:#272c30;\"  >\n\t\t\t<div class=\"fw-container\" >\n\t\t<div class=\"fw-row\">\n\t<div id=\"column-69d0a20444e57\" class=\"fw-col-sm-12 tf-sh-893c3bd58affff1d3c021d190181c413\" >\n\t<div class=\"fw-wrap-col-inner clearfix  \"   >\n\t\t\t\t<div class=\"fw-col-inner\">\n\t\t\t<div class=\"fw-heading fw-heading-center anchor-media tf-sh-a1b80eea3352d08d460ef46428627418\" >\n\t\t\t<h2 class=\"fw-special-title\">Media<\/h2>\n\t\n\t\n\t<\/div>\t<div  class=\"fw-divider tf-sh-7ba426b2ddb8538530372f2748937067  fw-divider-align-center fw-divider-full-width fw-line-solid fw-divider-line space-md \"  style=\"width: auto;  border-color:#343a40;\" ><\/div>\n\t\t<\/div>\n\t<\/div>\n<\/div><\/div>\n\n<div class=\"fw-row\">\n\t<div id=\"column-69d0a2044523e\" class=\"fw-col-sm-3 tf-sh-3ec02fbddbba57307602dbf2ab071fe4\" >\n\t<div class=\"fw-wrap-col-inner clearfix  \"   >\n\t\t\t\t<div class=\"fw-col-inner\">\n\t\t\t\t<div class=\"fw-video tf-sh-4708f40f74d53588b24264def6f3c3f4 \" >\n\t\t<div class=\"fw-wrap-boxed-media fw-wp-embed-shortcode\"><iframe loading=\"lazy\" width=\"1920\" height=\"1080\" src=\"https:\/\/www.youtube.com\/embed\/wI2Wn6PRGdY?feature=oembed\" frameborder=\"0\" allow=\"accelerometer; autoplay; encrypted-media; gyroscope; picture-in-picture\" allowfullscreen><\/iframe><\/div>\t<\/div>\n\t\t<\/div>\n\t<\/div>\n<\/div><div id=\"column-69d0a20445cd6\" class=\"fw-col-sm-3 tf-sh-3d492b7a9b51aa1edc36c1c40a43c255\" >\n\t<div class=\"fw-wrap-col-inner clearfix  \"   >\n\t\t\t\t<div class=\"fw-col-inner\">\n\t\t\t\t<div class=\"fw-video tf-sh-bb64b7baaab1301aed8aef41d11b2f36 \" >\n\t\t<div class=\"fw-wrap-boxed-media fw-wp-embed-shortcode\"><iframe loading=\"lazy\" width=\"1920\" height=\"1080\" src=\"https:\/\/www.youtube.com\/embed\/LsOkfnYQRxA?feature=oembed&rel=0\" frameborder=\"0\" allow=\"accelerometer; autoplay; encrypted-media; gyroscope; picture-in-picture\" allowfullscreen><\/iframe><\/div>\t<\/div>\n\t\t<\/div>\n\t<\/div>\n<\/div><div id=\"column-69d0a204462f0\" class=\"fw-col-sm-3 tf-sh-082dd2622cb32082a18d025a6c540353\" >\n\t<div class=\"fw-wrap-col-inner clearfix  \"   >\n\t\t\t\t<div class=\"fw-col-inner\">\n\t\t\t\t<div class=\"fw-video tf-sh-fbd195724ee236ed9eb2563d7286bbd3 \" >\n\t\t<div class=\"fw-wrap-boxed-media fw-wp-embed-shortcode\"><iframe loading=\"lazy\" width=\"1920\" height=\"1080\" src=\"https:\/\/www.youtube.com\/embed\/pg1pOV49nwY?feature=oembed&rel=0\" frameborder=\"0\" allow=\"accelerometer; autoplay; encrypted-media; gyroscope; picture-in-picture\" allowfullscreen><\/iframe><\/div>\t<\/div>\n\t\t<\/div>\n\t<\/div>\n<\/div><div id=\"column-69d0a204468d8\" class=\"fw-col-sm-3 tf-sh-1caf298c4980936b4e4261372b8401fa\" >\n\t<div class=\"fw-wrap-col-inner clearfix  \"   >\n\t\t\t\t<div class=\"fw-col-inner\">\n\t\t\t\t<div class=\"fw-video tf-sh-1508cc55fbc1746d84d63d3552cfcf6e \" >\n\t\t<div class=\"fw-wrap-boxed-media fw-wp-embed-shortcode\"><iframe loading=\"lazy\" width=\"1920\" height=\"1080\" src=\"https:\/\/www.youtube.com\/embed\/HRPj0Ix6L1Q?feature=oembed&rel=0\" frameborder=\"0\" allow=\"accelerometer; autoplay; encrypted-media; gyroscope; picture-in-picture\" allowfullscreen><\/iframe><\/div>\t<\/div>\n\t\t<\/div>\n\t<\/div>\n<\/div><\/div>\n\n<div class=\"fw-row\">\n\t<div id=\"column-69d0a20446f55\" class=\"fw-col-sm-3 tf-sh-0bc582f46875de79a1a4c3b700dc7809\" >\n\t<div class=\"fw-wrap-col-inner clearfix  \"   >\n\t\t\t\t<div class=\"fw-col-inner\">\n\t\t\t\t<div class=\"fw-video tf-sh-1f58f5ecad8fcec01b7f499976067b48 \" >\n\t\t<div class=\"fw-wrap-boxed-media fw-wp-embed-shortcode\"><iframe loading=\"lazy\" width=\"1920\" height=\"1080\" src=\"https:\/\/www.youtube.com\/embed\/E_h35zUUNPA?feature=oembed\" frameborder=\"0\" allow=\"accelerometer; autoplay; encrypted-media; gyroscope; picture-in-picture\" allowfullscreen><\/iframe><\/div>\t<\/div>\n\t\t<\/div>\n\t<\/div>\n<\/div><div id=\"column-69d0a2044762b\" class=\"fw-col-sm-3 tf-sh-ea02475264053125726752caad03e058\" >\n\t<div class=\"fw-wrap-col-inner clearfix  \"   >\n\t\t\t\t<div class=\"fw-col-inner\">\n\t\t\t\t<div class=\"fw-video tf-sh-34f0a8a95575c011e2b12a64993e06d6 \" >\n\t\t<div class=\"fw-wrap-boxed-media fw-wp-embed-shortcode\"><iframe loading=\"lazy\" width=\"1920\" height=\"1080\" src=\"https:\/\/www.youtube.com\/embed\/aQc-L4QWdmE?feature=oembed\" frameborder=\"0\" allow=\"accelerometer; autoplay; encrypted-media; gyroscope; picture-in-picture\" allowfullscreen><\/iframe><\/div>\t<\/div>\n\t\t<\/div>\n\t<\/div>\n<\/div><div id=\"column-69d0a20447c42\" class=\"fw-col-sm-3 tf-sh-61a97af36ee9cb3a99856e0a50ebe167\" >\n\t<div class=\"fw-wrap-col-inner clearfix  \"   >\n\t\t\t\t<div class=\"fw-col-inner\">\n\t\t\t\t<div class=\"fw-video tf-sh-596481315a86ad0c270b20477a2d09de \" >\n\t\t<div class=\"fw-wrap-boxed-media fw-wp-embed-shortcode\"><iframe loading=\"lazy\" width=\"1920\" height=\"1080\" src=\"https:\/\/www.youtube.com\/embed\/4Q6ElhZIakY?feature=oembed\" frameborder=\"0\" allow=\"accelerometer; autoplay; encrypted-media; gyroscope; picture-in-picture\" allowfullscreen><\/iframe><\/div>\t<\/div>\n\t\t<\/div>\n\t<\/div>\n<\/div><div id=\"column-69d0a20448200\" class=\"fw-col-sm-3 tf-sh-e398a479fb0b20eda2c2ed62c3aecc43\" >\n\t<div class=\"fw-wrap-col-inner clearfix  \"   >\n\t\t\t\t<div class=\"fw-col-inner\">\n\t\t\t\t<div class=\"fw-video tf-sh-1ac5995cc870c0f4c60ba6ddf26b4f84 \" >\n\t\t<a href=\"https:\/\/www.sbs6.nl\/programmas\/marktplaats\/videos\/S4q3Jd2YNx56\/paspop-gezocht\/\">https:\/\/www.sbs6.nl\/programmas\/marktplaats\/videos\/S4q3Jd2YNx56\/paspop-gezocht\/<\/a>\t<\/div>\n\t\t<\/div>\n\t<\/div>\n<\/div><\/div>\n\n<div class=\"fw-row\">\n\t<div id=\"column-69d0a2044888e\" class=\"fw-col-sm-12 tf-sh-fdfa29d8151aac262e8d2350ef29fe4f\" >\n\t<div class=\"fw-wrap-col-inner clearfix  \"   >\n\t\t\t\t<div class=\"fw-col-inner\">\n\t\t\t<div class=\"fw-divider-space space-md  clearfix\"  ><\/div>\t\t<\/div>\n\t<\/div>\n<\/div><\/div>\n\n\t<\/div>\n\t<\/section><section   class=\"fw-main-row-custom fw-section-no-padding  fw_theme_bg_color_3 fw-section-image auto fw-content-vertical-align-middle fw-section-position-back tf-sh-7415bcabed133efb82f20efcdbe61d40 overlay\"  style=\" background-image:url(\/\/www.koninketalagepoppen.nl\/wp-content\/uploads\/2018\/10\/shutterstock_1054800989.jpg); background-repeat: no-repeat; background-position: center center; background-size: cover;\"  >\n\t\t<div class=\"fw-main-row-overlay fw_theme_bg_color_1\" style=\"opacity: 0.92;\"><\/div>\t<div class=\"fw-container-fluid\" >\n\t\t<div class=\"fw-row\">\n\t<div id=\"column-69d0a20448d29\" class=\"fw-col-sm-12 tf-sh-55322e0ec5a4a4ac90777a3084c14f51\" >\n\t<div class=\"fw-wrap-col-inner clearfix  \"   >\n\t\t\t\t<div class=\"fw-col-inner\">\n\t\t\t<div class=\"fw-heading fw-heading-center  fw-heading-with-subtitle tf-sh-a15aad32e4cf490b33e51629a7b8bd1e\" >\n\t\t\t<h2 class=\"fw-special-title\">Wir verkaufen auch an Privatpersonen!<\/h2>\n\t\n\t\n\t\t\t<div class=\"fw-special-subtitle\"> Kommen und schauen Sie sich unser Gesch\u00e4ft an. Der Kaffee ist fertig!<\/div>\n\t<\/div><div class=\"fw-divider-space space-sm  clearfix\"  ><\/div><div class=\"text-center\">\t<a href=\"\/de\/kontakt\/\" target=\"_self\" class=\"fw-btn tf-sh-6405c0ed37c1d2cb2d3022db485aa5b2  fw-btn-md   fw-btn-2\"  style=\"\">\n\t\t<span >\n\t\t\tKontaktieren Sie uns\t\t<\/span>\n\t<\/a>\n<\/div>\t\t<\/div>\n\t<\/div>\n<\/div><\/div>\n\n\t<\/div>\n\t<\/section><section   class=\"fw-main-row  auto  fw-section-position-back\"    >\n\t\t\t<div class=\"fw-container\" >\n\t\t<div class=\"fw-row\">\n\t<div id=\"column-69d0a20449319\" class=\"fw-col-sm-6 tf-sh-5f4ff3c02006a5d273b2755f7d038d06\" >\n\t<div class=\"fw-wrap-col-inner clearfix  \"   >\n\t\t\t\t<div class=\"fw-col-inner\">\n\t\t\t\t\t<\/div>\n\t<\/div>\n<\/div><\/div>\n\n\t<\/div>\n\t<\/section><\/p>\n","protected":false},"excerpt":{"rendered":"<p>Warum wir Warum Konink Schaufensterpuppen? Warum neu kaufen? Wir sind seit 15Jahren ein bekannter Name im Bereich gebrauchter Schaufensterfiguren undSchaufensterpuppen. Grosse Auswahl, \u00fcberraschend und vorteilhaft Weilwir eng zusammenarbeiten mit verschiedenen Handelsketten in denNiederlanden, \u00e4ndert unser Vorrat sich st\u00e4ndig und das macht unserUnternehmen interessant. Das gilt f\u00fcr Schaufensterpuppen,Schaufensterfiguren, Torsos und klassische Puppen. Auch haben wirverschiedene Pr\u00e4sentationsmateriale. [&hellip;]<\/p>\n","protected":false},"author":1,"featured_media":0,"parent":0,"menu_order":0,"comment_status":"closed","ping_status":"closed","template":"visual-builder-template.php","meta":{"footnotes":""},"class_list":["post-503","page","type-page","status-publish","hentry"],"yoast_head":"<!-- This site is optimized with the Yoast SEO plugin v27.2 - https:\/\/yoast.com\/product\/yoast-seo-wordpress\/ -->\n<title>Warum wir - Konink Etalagepoppen<\/title>\n<meta name=\"robots\" content=\"index, follow, max-snippet:-1, max-image-preview:large, max-video-preview:-1\" \/>\n<link rel=\"canonical\" href=\"https:\/\/www.koninketalagepoppen.nl\/de\/warum-wir\/\" \/>\n<meta property=\"og:locale\" content=\"de_DE\" \/>\n<meta property=\"og:type\" content=\"article\" \/>\n<meta property=\"og:title\" content=\"Warum wir - Konink Etalagepoppen\" \/>\n<meta property=\"og:description\" content=\"Warum wir Warum Konink Schaufensterpuppen? Warum neu kaufen? Wir sind seit 15Jahren ein bekannter Name im Bereich gebrauchter Schaufensterfiguren undSchaufensterpuppen. Grosse Auswahl, \u00fcberraschend und vorteilhaft Weilwir eng zusammenarbeiten mit verschiedenen Handelsketten in denNiederlanden, \u00e4ndert unser Vorrat sich st\u00e4ndig und das macht unserUnternehmen interessant. Das gilt f\u00fcr Schaufensterpuppen,Schaufensterfiguren, Torsos und klassische Puppen. Auch haben wirverschiedene Pr\u00e4sentationsmateriale. [&hellip;]\" \/>\n<meta property=\"og:url\" content=\"https:\/\/www.koninketalagepoppen.nl\/de\/warum-wir\/\" \/>\n<meta property=\"og:site_name\" content=\"Konink Etalagepoppen\" \/>\n<meta property=\"article:modified_time\" content=\"2019-09-28T13:22:07+00:00\" \/>\n<meta property=\"og:image\" content=\"\/\/www.koninketalagepoppen.nl\/wp-content\/uploads\/2018\/10\/Layer-71.png\" \/>\n<meta name=\"twitter:card\" content=\"summary_large_image\" \/>\n<meta name=\"twitter:label1\" content=\"Gesch\u00e4tzte Lesezeit\" \/>\n\t<meta name=\"twitter:data1\" content=\"1\u00a0Minute\" \/>\n<script type=\"application\/ld+json\" class=\"yoast-schema-graph\">{\"@context\":\"https:\/\/schema.org\",\"@graph\":[{\"@type\":\"WebPage\",\"@id\":\"https:\/\/www.koninketalagepoppen.nl\/de\/warum-wir\/\",\"url\":\"https:\/\/www.koninketalagepoppen.nl\/de\/warum-wir\/\",\"name\":\"Warum wir - Konink Etalagepoppen\",\"isPartOf\":{\"@id\":\"https:\/\/www.koninketalagepoppen.nl\/#website\"},\"primaryImageOfPage\":{\"@id\":\"https:\/\/www.koninketalagepoppen.nl\/de\/warum-wir\/#primaryimage\"},\"image\":{\"@id\":\"https:\/\/www.koninketalagepoppen.nl\/de\/warum-wir\/#primaryimage\"},\"thumbnailUrl\":\"https:\/\/www.koninketalagepoppen.nl\/wp-content\/uploads\/2018\/10\/Layer-10.png\",\"datePublished\":\"2018-10-10T14:40:24+00:00\",\"dateModified\":\"2019-09-28T13:22:07+00:00\",\"breadcrumb\":{\"@id\":\"https:\/\/www.koninketalagepoppen.nl\/de\/warum-wir\/#breadcrumb\"},\"inLanguage\":\"de\",\"potentialAction\":[{\"@type\":\"ReadAction\",\"target\":[\"https:\/\/www.koninketalagepoppen.nl\/de\/warum-wir\/\"]}]},{\"@type\":\"ImageObject\",\"inLanguage\":\"de\",\"@id\":\"https:\/\/www.koninketalagepoppen.nl\/de\/warum-wir\/#primaryimage\",\"url\":\"https:\/\/www.koninketalagepoppen.nl\/wp-content\/uploads\/2018\/10\/Layer-10.png\",\"contentUrl\":\"https:\/\/www.koninketalagepoppen.nl\/wp-content\/uploads\/2018\/10\/Layer-10.png\"},{\"@type\":\"BreadcrumbList\",\"@id\":\"https:\/\/www.koninketalagepoppen.nl\/de\/warum-wir\/#breadcrumb\",\"itemListElement\":[{\"@type\":\"ListItem\",\"position\":1,\"name\":\"Home\",\"item\":\"https:\/\/www.koninketalagepoppen.nl\/de\/\"},{\"@type\":\"ListItem\",\"position\":2,\"name\":\"Warum wir\"}]},{\"@type\":\"WebSite\",\"@id\":\"https:\/\/www.koninketalagepoppen.nl\/#website\",\"url\":\"https:\/\/www.koninketalagepoppen.nl\/\",\"name\":\"Konink Etalagepoppen\",\"description\":\"\",\"potentialAction\":[{\"@type\":\"SearchAction\",\"target\":{\"@type\":\"EntryPoint\",\"urlTemplate\":\"https:\/\/www.koninketalagepoppen.nl\/?s={search_term_string}\"},\"query-input\":{\"@type\":\"PropertyValueSpecification\",\"valueRequired\":true,\"valueName\":\"search_term_string\"}}],\"inLanguage\":\"de\"}]}<\/script>\n<!-- \/ Yoast SEO plugin. -->","yoast_head_json":{"title":"Warum wir - Konink Etalagepoppen","robots":{"index":"index","follow":"follow","max-snippet":"max-snippet:-1","max-image-preview":"max-image-preview:large","max-video-preview":"max-video-preview:-1"},"canonical":"https:\/\/www.koninketalagepoppen.nl\/de\/warum-wir\/","og_locale":"de_DE","og_type":"article","og_title":"Warum wir - Konink Etalagepoppen","og_description":"Warum wir Warum Konink Schaufensterpuppen? Warum neu kaufen? Wir sind seit 15Jahren ein bekannter Name im Bereich gebrauchter Schaufensterfiguren undSchaufensterpuppen. Grosse Auswahl, \u00fcberraschend und vorteilhaft Weilwir eng zusammenarbeiten mit verschiedenen Handelsketten in denNiederlanden, \u00e4ndert unser Vorrat sich st\u00e4ndig und das macht unserUnternehmen interessant. Das gilt f\u00fcr Schaufensterpuppen,Schaufensterfiguren, Torsos und klassische Puppen. Auch haben wirverschiedene Pr\u00e4sentationsmateriale. [&hellip;]","og_url":"https:\/\/www.koninketalagepoppen.nl\/de\/warum-wir\/","og_site_name":"Konink Etalagepoppen","article_modified_time":"2019-09-28T13:22:07+00:00","og_image":[{"url":"\/\/www.koninketalagepoppen.nl\/wp-content\/uploads\/2018\/10\/Layer-71.png","type":"","width":"","height":""}],"twitter_card":"summary_large_image","twitter_misc":{"Gesch\u00e4tzte Lesezeit":"1\u00a0Minute"},"schema":{"@context":"https:\/\/schema.org","@graph":[{"@type":"WebPage","@id":"https:\/\/www.koninketalagepoppen.nl\/de\/warum-wir\/","url":"https:\/\/www.koninketalagepoppen.nl\/de\/warum-wir\/","name":"Warum wir - Konink Etalagepoppen","isPartOf":{"@id":"https:\/\/www.koninketalagepoppen.nl\/#website"},"primaryImageOfPage":{"@id":"https:\/\/www.koninketalagepoppen.nl\/de\/warum-wir\/#primaryimage"},"image":{"@id":"https:\/\/www.koninketalagepoppen.nl\/de\/warum-wir\/#primaryimage"},"thumbnailUrl":"https:\/\/www.koninketalagepoppen.nl\/wp-content\/uploads\/2018\/10\/Layer-10.png","datePublished":"2018-10-10T14:40:24+00:00","dateModified":"2019-09-28T13:22:07+00:00","breadcrumb":{"@id":"https:\/\/www.koninketalagepoppen.nl\/de\/warum-wir\/#breadcrumb"},"inLanguage":"de","potentialAction":[{"@type":"ReadAction","target":["https:\/\/www.koninketalagepoppen.nl\/de\/warum-wir\/"]}]},{"@type":"ImageObject","inLanguage":"de","@id":"https:\/\/www.koninketalagepoppen.nl\/de\/warum-wir\/#primaryimage","url":"https:\/\/www.koninketalagepoppen.nl\/wp-content\/uploads\/2018\/10\/Layer-10.png","contentUrl":"https:\/\/www.koninketalagepoppen.nl\/wp-content\/uploads\/2018\/10\/Layer-10.png"},{"@type":"BreadcrumbList","@id":"https:\/\/www.koninketalagepoppen.nl\/de\/warum-wir\/#breadcrumb","itemListElement":[{"@type":"ListItem","position":1,"name":"Home","item":"https:\/\/www.koninketalagepoppen.nl\/de\/"},{"@type":"ListItem","position":2,"name":"Warum wir"}]},{"@type":"WebSite","@id":"https:\/\/www.koninketalagepoppen.nl\/#website","url":"https:\/\/www.koninketalagepoppen.nl\/","name":"Konink Etalagepoppen","description":"","potentialAction":[{"@type":"SearchAction","target":{"@type":"EntryPoint","urlTemplate":"https:\/\/www.koninketalagepoppen.nl\/?s={search_term_string}"},"query-input":{"@type":"PropertyValueSpecification","valueRequired":true,"valueName":"search_term_string"}}],"inLanguage":"de"}]}},"_links":{"self":[{"href":"https:\/\/www.koninketalagepoppen.nl\/de\/wp-json\/wp\/v2\/pages\/503","targetHints":{"allow":["GET"]}}],"collection":[{"href":"https:\/\/www.koninketalagepoppen.nl\/de\/wp-json\/wp\/v2\/pages"}],"about":[{"href":"https:\/\/www.koninketalagepoppen.nl\/de\/wp-json\/wp\/v2\/types\/page"}],"author":[{"embeddable":true,"href":"https:\/\/www.koninketalagepoppen.nl\/de\/wp-json\/wp\/v2\/users\/1"}],"replies":[{"embeddable":true,"href":"https:\/\/www.koninketalagepoppen.nl\/de\/wp-json\/wp\/v2\/comments?post=503"}],"version-history":[{"count":18,"href":"https:\/\/www.koninketalagepoppen.nl\/de\/wp-json\/wp\/v2\/pages\/503\/revisions"}],"predecessor-version":[{"id":3079,"href":"https:\/\/www.koninketalagepoppen.nl\/de\/wp-json\/wp\/v2\/pages\/503\/revisions\/3079"}],"wp:attachment":[{"href":"https:\/\/www.koninketalagepoppen.nl\/de\/wp-json\/wp\/v2\/media?parent=503"}],"curies":[{"name":"wp","href":"https:\/\/api.w.org\/{rel}","templated":true}]}}